{"id":101,"date":"2024-01-24T15:15:12","date_gmt":"2024-01-24T15:15:12","guid":{"rendered":"https:\/\/aprendoingles.com.ar\/24\/?page_id=101"},"modified":"2024-01-24T18:10:35","modified_gmt":"2024-01-24T18:10:35","slug":"nuestra-historia","status":"publish","type":"page","link":"https:\/\/aprendoingles.com.ar\/24\/nuestra-historia\/","title":{"rendered":"Nuestra Historia"},"content":{"rendered":"<p><a href=\"https:\/\/aprendoingles.com.ar\/24\/ar\/wp-content\/uploads\/2024\/01\/2024-skillable2.png\"><img loading=\"lazy\" decoding=\"async\" class=\"alignnone wp-image-105 size-full\" src=\"https:\/\/aprendoingles.com.ar\/24\/ar\/wp-content\/uploads\/2024\/01\/2024-skillable2.png\" alt=\"\" width=\"1200\" height=\"537\" srcset=\"https:\/\/aprendoingles.com.ar\/24\/ar\/wp-content\/uploads\/2024\/01\/2024-skillable2.png 1200w, https:\/\/aprendoingles.com.ar\/24\/ar\/wp-content\/uploads\/2024\/01\/2024-skillable2-300x134.png 300w, https:\/\/aprendoingles.com.ar\/24\/ar\/wp-content\/uploads\/2024\/01\/2024-skillable2-1024x458.png 1024w, https:\/\/aprendoingles.com.ar\/24\/ar\/wp-content\/uploads\/2024\/01\/2024-skillable2-768x344.png 768w, https:\/\/aprendoingles.com.ar\/24\/ar\/wp-content\/uploads\/2024\/01\/2024-skillable2-260x116.png 260w, https:\/\/aprendoingles.com.ar\/24\/ar\/wp-content\/uploads\/2024\/01\/2024-skillable2-50x22.png 50w, https:\/\/aprendoingles.com.ar\/24\/ar\/wp-content\/uploads\/2024\/01\/2024-skillable2-150x67.png 150w\" sizes=\"auto, (max-width: 1200px) 100vw, 1200px\" \/><\/a><\/p>\n<h1>Historia de skillable<\/h1>\n<h3><em>Skillable es la uni\u00f3n de un grupo de personas que piensa en el lenguaje como una herramienta de transformaci\u00f3n no solo social, sino tambi\u00e9n personal.<\/em><\/h3>\n<p>A lo largo de nuestras trayectorias educativas nos hemos encontrado con distintos tipos de estudiantes, pero todos coinciden en algo: el aprendizaje de un idioma, y del ingl\u00e9s en particular, siempre ha terminado en alg\u00fan tipo de experiencia negativa, ya sea por su dificultad, su ense\u00f1anza o la duraci\u00f3n de los cursos.<\/p>\n<p>Nuestra empresa se caracteriza por brindarle a los alumnos la posibilidad de acercarse al lenguaje de una forma natural, din\u00e1mica, flexible, pero conciente de los desafios y necesidades actuales. Eso es lo que nos hace distintos.<\/p>\n<p>Comenzamos en el a\u00f1o 2010 preparando estudiantes para prop\u00f3sitos espec\u00edficos de forma particular. De esta manera comenzamos a escuchar no solo sus requerimientos sino tambi\u00e9n sus experiencias y a aprender de ellas.<\/p>\n<p>A medida que \u00edbamos creciendo y captando cada vez m\u00e1s y m\u00e1s personas, fuimos combinando nuestro entorno educativo personalizado con la ense\u00f1anza primaria, secundaria, terciaria y universitaria de nuestro plantel docente. Esto nos hizo someter a prueba nuestra metodolog\u00eda en diferentes p\u00fablicos, para ir modelando poco a poco lo que ser\u00eda nuestro enfoque actual.<\/p>\n<p>Otro de nuestros focos de desarrollo tuvo lugar en la ense\u00f1anza acad\u00e9mica, formando futuros profesores, colaborando con importantes academias e institutos de ingl\u00e9s a los que fuimos capacitando con nuestra pedagog\u00eda.<\/p>\n<p>Con la llegada de la virtualidad de la mano de la pandemia, nuestro equipo enfrent\u00f3 nuevos desaf\u00edos que nos abrieron puertas para expandirnos y llegar a ser lo que somos hoy: una empresa preparada para vincularse con el mundo.<\/p>\n","protected":false},"excerpt":{"rendered":"<p>Historia de skillable Skillable es la uni\u00f3n de un grupo de personas que piensa en el lenguaje como una herramienta de transformaci\u00f3n no solo social, sino<span class=\"excerpt-hellip\"> [\u2026]<\/span><\/p>\n","protected":false},"author":2,"featured_media":0,"parent":0,"menu_order":0,"comment_status":"closed","ping_status":"closed","template":"","meta":{"_joinchat":[],"footnotes":""},"class_list":["post-101","page","type-page","status-publish","hentry"],"_links":{"self":[{"href":"https:\/\/aprendoingles.com.ar\/24\/wp-json\/wp\/v2\/pages\/101","targetHints":{"allow":["GET"]}}],"collection":[{"href":"https:\/\/aprendoingles.com.ar\/24\/wp-json\/wp\/v2\/pages"}],"about":[{"href":"https:\/\/aprendoingles.com.ar\/24\/wp-json\/wp\/v2\/types\/page"}],"author":[{"embeddable":true,"href":"https:\/\/aprendoingles.com.ar\/24\/wp-json\/wp\/v2\/users\/2"}],"replies":[{"embeddable":true,"href":"https:\/\/aprendoingles.com.ar\/24\/wp-json\/wp\/v2\/comments?post=101"}],"version-history":[{"count":2,"href":"https:\/\/aprendoingles.com.ar\/24\/wp-json\/wp\/v2\/pages\/101\/revisions"}],"predecessor-version":[{"id":106,"href":"https:\/\/aprendoingles.com.ar\/24\/wp-json\/wp\/v2\/pages\/101\/revisions\/106"}],"wp:attachment":[{"href":"https:\/\/aprendoingles.com.ar\/24\/wp-json\/wp\/v2\/media?parent=101"}],"curies":[{"name":"wp","href":"https:\/\/api.w.org\/{rel}","templated":true}]}}