{"id":94,"date":"2024-01-24T14:00:00","date_gmt":"2024-01-24T14:00:00","guid":{"rendered":"https:\/\/aprendoingles.com.ar\/24\/?page_id=94"},"modified":"2024-01-24T18:05:33","modified_gmt":"2024-01-24T18:05:33","slug":"nosotros","status":"publish","type":"page","link":"https:\/\/aprendoingles.com.ar\/24\/nosotros\/","title":{"rendered":"Nosotros"},"content":{"rendered":"<p><a href=\"https:\/\/aprendoingles.com.ar\/24\/ar\/wp-content\/uploads\/2024\/01\/2024-skillable.png\"><img loading=\"lazy\" decoding=\"async\" class=\"alignnone wp-image-103 size-full\" src=\"https:\/\/aprendoingles.com.ar\/24\/ar\/wp-content\/uploads\/2024\/01\/2024-skillable.png\" alt=\"\" width=\"1380\" height=\"617\" srcset=\"https:\/\/aprendoingles.com.ar\/24\/ar\/wp-content\/uploads\/2024\/01\/2024-skillable.png 1380w, https:\/\/aprendoingles.com.ar\/24\/ar\/wp-content\/uploads\/2024\/01\/2024-skillable-300x134.png 300w, https:\/\/aprendoingles.com.ar\/24\/ar\/wp-content\/uploads\/2024\/01\/2024-skillable-1024x458.png 1024w, https:\/\/aprendoingles.com.ar\/24\/ar\/wp-content\/uploads\/2024\/01\/2024-skillable-768x343.png 768w, https:\/\/aprendoingles.com.ar\/24\/ar\/wp-content\/uploads\/2024\/01\/2024-skillable-260x116.png 260w, https:\/\/aprendoingles.com.ar\/24\/ar\/wp-content\/uploads\/2024\/01\/2024-skillable-50x22.png 50w, https:\/\/aprendoingles.com.ar\/24\/ar\/wp-content\/uploads\/2024\/01\/2024-skillable-150x67.png 150w\" sizes=\"auto, (max-width: 1380px) 100vw, 1380px\" \/><\/a><\/p>\n<h1>Quienes somos?<\/h1>\n<h3><em><strong>Aprendo ingl\u00e9s surge ante la necesidad de comercializar productos educativos de forma confiable y eficiente, para acercar a usuarios de todo el mundo al aprendizaje del idioma ingl\u00e9s. \u201caprendo ingl\u00e9s\u201d conf\u00eda en skillable academia online para la prestaci\u00f3n de sus servicios.<\/strong><\/em><\/h3>\n<p>&nbsp;<\/p>\n<h2>Qu\u00e9 es Skillable?<\/h2>\n<h3><em>No es solo una academia de ingl\u00e9s, es un cambio en tu vida.<\/em><\/h3>\n<p>En el contexto de globalizaci\u00f3n actual, el aprendizaje de la lengua inglesa es de vital importancia tanto para desarrollar una carrera laboral como para simplemente disfrutar de los placeres de viajar y conocer no solo nuevas culturas, sino tambi\u00e9n nuevas personas, vivir nuevas experiencias, sentirse libre.<\/p>\n<p>En skillable sabemos que no es sencillo aprender un idioma, pero tenemos la metodolog\u00eda que se ajusta a tus necesidades y a tus conocimientos previos. Desde la primer clase te proveeremos de todas las herramientas necesarias para comunicarte, las cuales complementaremos con una plataforma donde desarrollar\u00e1s tu ejercitaci\u00f3n diaria para que llegues con confianza a los encuentros de conversaci\u00f3n. Estos encuentros est\u00e1n disponibles las 24hs, los 7 d\u00edas de la semana, siendo la flexibilidad otra de nuestras caracter\u00edsticas distintivas. Vas a poder practicar tu ingl\u00e9s a la hora que quieras, el d\u00eda que quieras, las veces que quieras.<\/p>\n<p>Nuestra academia te proveer\u00e1 no solo de competencias ling\u00fc\u00edsticas, sino tambi\u00e9n ir\u00e1s perfeccionando tu perfil profesional, mediante vocabulario t\u00e9cnico y situaciones conversacionales pensadas espec\u00edficamente para cada estudiante. Una vez alcanzado el nivel requerido por el mercado laboral global actual, pondremos a disposici\u00f3n tuya nuestro personal de rrhh para que puedan asesorarte y acompa\u00f1arte en el proceso de armado de tu curriculum como as\u00ed en la preparaci\u00f3n personal para que tu b\u00fasqueda laboral futura sea exitosa.<\/p>\n<p>Por otro lado, semanalmente te entregaremos material de trabajo avalado por anglia iberoam\u00e9rica para que puedas ejercitarte y posteriomente certificarte en cualquiera de las instituciones mundialmente reconocidas. De este modo, potenciar\u00e1s tu curr\u00edculum siguiendo el cefr (marco internacional de nivelaci\u00f3n del idioma). Nuestro convenio con la red de examinadoras anglia internacional, le otorga a skillable la posibilidad de ser centro examinador reconocido sin importar en la parte del mundo en la que est\u00e9s. Pudiendo tomar tu examen de nivel de forma online y recibir la certificaci\u00f3n correspondiente cuando la necesites.<\/p>\n<p>Saber idiomas nos abre puertas, y el lenguaje es la principal herramienta de transformaci\u00f3n social. Cambiar tu estilo de vida de vida depende de vos.<\/p>\n<h4><em>You are skilled, you are able. You are skillable. Join us!<\/em><\/h4>\n<h4><em>Pablo Olivera <\/em><br \/>\n<em>Presidente &amp; co-founder skillable online<\/em><\/h4>\n","protected":false},"excerpt":{"rendered":"<p>Quienes somos? Aprendo ingl\u00e9s surge ante la necesidad de comercializar productos educativos de forma confiable y eficiente, para acercar a usuarios de todo el mundo al<span class=\"excerpt-hellip\"> [\u2026]<\/span><\/p>\n","protected":false},"author":2,"featured_media":0,"parent":0,"menu_order":0,"comment_status":"closed","ping_status":"closed","template":"","meta":{"_joinchat":[],"footnotes":""},"class_list":["post-94","page","type-page","status-publish","hentry"],"_links":{"self":[{"href":"https:\/\/aprendoingles.com.ar\/24\/wp-json\/wp\/v2\/pages\/94","targetHints":{"allow":["GET"]}}],"collection":[{"href":"https:\/\/aprendoingles.com.ar\/24\/wp-json\/wp\/v2\/pages"}],"about":[{"href":"https:\/\/aprendoingles.com.ar\/24\/wp-json\/wp\/v2\/types\/page"}],"author":[{"embeddable":true,"href":"https:\/\/aprendoingles.com.ar\/24\/wp-json\/wp\/v2\/users\/2"}],"replies":[{"embeddable":true,"href":"https:\/\/aprendoingles.com.ar\/24\/wp-json\/wp\/v2\/comments?post=94"}],"version-history":[{"count":7,"href":"https:\/\/aprendoingles.com.ar\/24\/wp-json\/wp\/v2\/pages\/94\/revisions"}],"predecessor-version":[{"id":104,"href":"https:\/\/aprendoingles.com.ar\/24\/wp-json\/wp\/v2\/pages\/94\/revisions\/104"}],"wp:attachment":[{"href":"https:\/\/aprendoingles.com.ar\/24\/wp-json\/wp\/v2\/media?parent=94"}],"curies":[{"name":"wp","href":"https:\/\/api.w.org\/{rel}","templated":true}]}}